{"id":117,"date":"2026-02-19T13:52:07","date_gmt":"2026-02-19T12:52:07","guid":{"rendered":"https:\/\/majorweb.pl\/?page_id=117"},"modified":"2026-03-15T21:46:11","modified_gmt":"2026-03-15T20:46:11","slug":"omnie","status":"publish","type":"page","link":"https:\/\/majorweb.pl\/index.php\/moja-strona\/omnie\/","title":{"rendered":"O mnie"},"content":{"rendered":"\t\t<div data-elementor-type=\"wp-page\" data-elementor-id=\"117\" class=\"elementor elementor-117\">\n\t\t\t\t<div class=\"elementor-element elementor-element-cdd5a95 e-grid e-con-boxed e-con e-parent\" data-id=\"cdd5a95\" data-element_type=\"container\" data-settings=\"{&quot;background_background&quot;:&quot;classic&quot;}\">\n\t\t\t\t\t<div class=\"e-con-inner\">\n\t\t<div class=\"elementor-element elementor-element-e00c7bf e-con-full e-flex e-con e-child\" data-id=\"e00c7bf\" data-element_type=\"container\">\n\t\t\t\t<div class=\"elementor-element elementor-element-a7c29d5 elementor-widget elementor-widget-heading\" data-id=\"a7c29d5\" data-element_type=\"widget\" data-widget_type=\"heading.default\">\n\t\t\t\t\t<h2 class=\"elementor-heading-title elementor-size-default\">Tworz\u0119 strony, kt\u00f3re pracuj\u0105 na Tw\u00f3j  <span class=\"titlespan\">biznes. <\/span><\/h2>\t\t\t\t<\/div>\n\t\t\t\t<div class=\"elementor-element elementor-element-fffb5bb elementor-widget-divider--view-line elementor-widget elementor-widget-divider\" data-id=\"fffb5bb\" data-element_type=\"widget\" data-widget_type=\"divider.default\">\n\t\t\t\t\t\t\t<div class=\"elementor-divider\">\n\t\t\t<span class=\"elementor-divider-separator\">\n\t\t\t\t\t\t<\/span>\n\t\t<\/div>\n\t\t\t\t\t\t<\/div>\n\t\t\t\t<div class=\"elementor-element elementor-element-26f9169 elementor-widget elementor-widget-text-editor\" data-id=\"26f9169\" data-element_type=\"widget\" data-widget_type=\"text-editor.default\">\n\t\t\t\t\t\t\t\t\t<p data-start=\"1511\" data-end=\"1728\">Od 3 lat projektuj\u0119 i tworz\u0119 nowoczesne strony internetowe, \u0142\u0105cz\u0105c estetyczny design z wydajn\u0105 i solidn\u0105 technologi\u0105. Pracuj\u0119 zar\u00f3wno w Next.js, jak i WordPress, dobieraj\u0105c rozwi\u0105zania odpowiednio do potrzeb projektu.<\/p>\t\t\t\t\t\t\t\t<\/div>\n\t\t\t\t<div class=\"elementor-element elementor-element-cf1e22f elementor-widget elementor-widget-text-editor\" data-id=\"cf1e22f\" data-element_type=\"widget\" data-widget_type=\"text-editor.default\">\n\t\t\t\t\t\t\t\t\t<p data-start=\"1730\" data-end=\"1910\">Mam do\u015bwiadczenie w tworzeniu aplikacji webowych oraz pracy z bazami danych, co pozwala mi tworzy\u0107 strony nie tylko atrakcyjne wizualnie, ale r\u00f3wnie\u017c funkcjonalne i przysz\u0142o\u015bciowe.<\/p>\t\t\t\t\t\t\t\t<\/div>\n\t\t\t\t<div class=\"elementor-element elementor-element-20920e4 elementor-widget elementor-widget-text-editor\" data-id=\"20920e4\" data-element_type=\"widget\" data-widget_type=\"text-editor.default\">\n\t\t\t\t\t\t\t\t\t<p data-start=\"1912\" data-end=\"2034\">Web development to dla mnie forma kreatywnej realizacji. Zwracam du\u017c\u0105 uwag\u0119 na jako\u015b\u0107, detale i do\u015bwiadczenie u\u017cytkownika.<\/p><p data-start=\"2036\" data-end=\"2195\">W relacji z klientem stawiam na profesjonalizm, dobr\u0105 komunikacj\u0119 i partnerskie podej\u015bcie \u2014 tak, aby wsp\u00f3\u0142praca by\u0142a przejrzysta i komfortowa na ka\u017cdym etapie.<\/p>\t\t\t\t\t\t\t\t<\/div>\n\t\t<div class=\"elementor-element elementor-element-0c72997 e-con-full radial elementor-hidden-tablet elementor-hidden-mobile e-flex e-con e-child\" data-id=\"0c72997\" data-element_type=\"container\" data-settings=\"{&quot;background_background&quot;:&quot;classic&quot;,&quot;position&quot;:&quot;absolute&quot;}\">\n\t\t\t\t<\/div>\n\t\t<div class=\"elementor-element elementor-element-2a3108f e-con-full blur e-flex e-con e-child\" data-id=\"2a3108f\" data-element_type=\"container\" data-settings=\"{&quot;background_background&quot;:&quot;classic&quot;,&quot;position&quot;:&quot;absolute&quot;}\">\n\t\t\t\t<\/div>\n\t\t\t\t<\/div>\n\t\t<div class=\"elementor-element elementor-element-c8e64cc e-con-full e-flex e-con e-child\" data-id=\"c8e64cc\" data-element_type=\"container\">\n\t\t\t\t<div class=\"elementor-element elementor-element-aa75b80 elementor-widget elementor-widget-image\" data-id=\"aa75b80\" data-element_type=\"widget\" data-widget_type=\"image.default\">\n\t\t\t\t\t\t\t\t\t\t\t\t\t\t\t<img fetchpriority=\"high\" decoding=\"async\" width=\"960\" height=\"736\" src=\"https:\/\/majorweb.pl\/wp-content\/uploads\/2026\/03\/undraw_cloudflare-dev_nf79-1.svg\" class=\"attachment-large size-large wp-image-645\" alt=\"\" \/>\t\t\t\t\t\t\t\t\t\t\t\t\t\t\t<\/div>\n\t\t<div class=\"elementor-element elementor-element-3053830 e-con-full blur e-flex e-con e-child\" data-id=\"3053830\" data-element_type=\"container\" data-settings=\"{&quot;background_background&quot;:&quot;classic&quot;,&quot;position&quot;:&quot;absolute&quot;}\">\n\t\t\t\t<\/div>\n\t\t\t\t<\/div>\n\t\t\t\t<div class=\"elementor-element elementor-element-6cbe4c7 elementor-absolute elementor-widget elementor-widget-html\" data-id=\"6cbe4c7\" data-element_type=\"widget\" data-settings=\"{&quot;_position&quot;:&quot;absolute&quot;}\" data-widget_type=\"html.default\">\n\t\t\t\t\t<style>\n    .titlespan {\n        color:#7127BA;\n        \n    }\n    .blur {\n        filter: blur(250px);\n    }\n    .radial {\n        border-radius:50%;\n        z-inedx:0;\n    }\n<\/style>\t\t\t\t<\/div>\n\t\t\t\t\t<\/div>\n\t\t\t\t<\/div>\n\t\t\t\t<\/div>\n\t\t","protected":false},"excerpt":{"rendered":"<p>Tworz\u0119 strony, kt\u00f3re pracuj\u0105 na Tw\u00f3j biznes. Od 3 lat projektuj\u0119 i tworz\u0119 nowoczesne strony internetowe, \u0142\u0105cz\u0105c estetyczny design z wydajn\u0105 i solidn\u0105 technologi\u0105. Pracuj\u0119 zar\u00f3wno w Next.js, jak i WordPress, dobieraj\u0105c rozwi\u0105zania odpowiednio do potrzeb projektu. Mam do\u015bwiadczenie w tworzeniu aplikacji webowych oraz pracy z bazami danych, co pozwala mi tworzy\u0107 strony nie tylko [&hellip;]<\/p>\n","protected":false},"author":1,"featured_media":0,"parent":32,"menu_order":0,"comment_status":"closed","ping_status":"closed","template":"","meta":{"footnotes":""},"class_list":["post-117","page","type-page","status-publish","hentry"],"yoast_head":"<!-- This site is optimized with the Yoast SEO plugin v27.2 - https:\/\/yoast.com\/product\/yoast-seo-wordpress\/ -->\n<title>O mnie - Tworzenie Stron Internetowych i Sklep\u00f3w WWW Warszawa | Major Web<\/title>\n<meta name=\"robots\" content=\"index, follow, max-snippet:-1, max-image-preview:large, max-video-preview:-1\" \/>\n<link rel=\"canonical\" href=\"https:\/\/majorweb.pl\/index.php\/moja-strona\/omnie\/\" \/>\n<meta property=\"og:locale\" content=\"pl_PL\" \/>\n<meta property=\"og:type\" content=\"article\" \/>\n<meta property=\"og:title\" content=\"O mnie - Tworzenie Stron Internetowych i Sklep\u00f3w WWW Warszawa | Major Web\" \/>\n<meta property=\"og:description\" content=\"Tworz\u0119 strony, kt\u00f3re pracuj\u0105 na Tw\u00f3j biznes. Od 3 lat projektuj\u0119 i tworz\u0119 nowoczesne strony internetowe, \u0142\u0105cz\u0105c estetyczny design z wydajn\u0105 i solidn\u0105 technologi\u0105. Pracuj\u0119 zar\u00f3wno w Next.js, jak i WordPress, dobieraj\u0105c rozwi\u0105zania odpowiednio do potrzeb projektu. Mam do\u015bwiadczenie w tworzeniu aplikacji webowych oraz pracy z bazami danych, co pozwala mi tworzy\u0107 strony nie tylko [&hellip;]\" \/>\n<meta property=\"og:url\" content=\"https:\/\/majorweb.pl\/index.php\/moja-strona\/omnie\/\" \/>\n<meta property=\"og:site_name\" content=\"Tworzenie Stron Internetowych i Sklep\u00f3w WWW Warszawa | Major Web\" \/>\n<meta property=\"article:publisher\" content=\"https:\/\/www.facebook.com\/profile.php?id=61585146125371\" \/>\n<meta property=\"article:modified_time\" content=\"2026-03-15T20:46:11+00:00\" \/>\n<meta name=\"twitter:card\" content=\"summary_large_image\" \/>\n<meta name=\"twitter:label1\" content=\"Szacowany czas czytania\" \/>\n\t<meta name=\"twitter:data1\" content=\"1 minuta\" \/>\n<script type=\"application\/ld+json\" class=\"yoast-schema-graph\">{\"@context\":\"https:\/\/schema.org\",\"@graph\":[{\"@type\":\"WebPage\",\"@id\":\"https:\/\/majorweb.pl\/index.php\/moja-strona\/omnie\/\",\"url\":\"https:\/\/majorweb.pl\/index.php\/moja-strona\/omnie\/\",\"name\":\"O mnie - Tworzenie Stron Internetowych i Sklep\u00f3w WWW Warszawa | Major Web\",\"isPartOf\":{\"@id\":\"https:\/\/majorweb.pl\/#website\"},\"primaryImageOfPage\":{\"@id\":\"https:\/\/majorweb.pl\/index.php\/moja-strona\/omnie\/#primaryimage\"},\"image\":{\"@id\":\"https:\/\/majorweb.pl\/index.php\/moja-strona\/omnie\/#primaryimage\"},\"thumbnailUrl\":\"https:\/\/majorweb.pl\/wp-content\/uploads\/2026\/03\/undraw_cloudflare-dev_nf79-1.svg\",\"datePublished\":\"2026-02-19T12:52:07+00:00\",\"dateModified\":\"2026-03-15T20:46:11+00:00\",\"breadcrumb\":{\"@id\":\"https:\/\/majorweb.pl\/index.php\/moja-strona\/omnie\/#breadcrumb\"},\"inLanguage\":\"pl-PL\",\"potentialAction\":[{\"@type\":\"ReadAction\",\"target\":[\"https:\/\/majorweb.pl\/index.php\/moja-strona\/omnie\/\"]}]},{\"@type\":\"ImageObject\",\"inLanguage\":\"pl-PL\",\"@id\":\"https:\/\/majorweb.pl\/index.php\/moja-strona\/omnie\/#primaryimage\",\"url\":\"https:\/\/majorweb.pl\/wp-content\/uploads\/2026\/03\/undraw_cloudflare-dev_nf79-1.svg\",\"contentUrl\":\"https:\/\/majorweb.pl\/wp-content\/uploads\/2026\/03\/undraw_cloudflare-dev_nf79-1.svg\",\"width\":960,\"height\":736},{\"@type\":\"BreadcrumbList\",\"@id\":\"https:\/\/majorweb.pl\/index.php\/moja-strona\/omnie\/#breadcrumb\",\"itemListElement\":[{\"@type\":\"ListItem\",\"position\":1,\"name\":\"Strona g\u0142\u00f3wna\",\"item\":\"https:\/\/majorweb.pl\/\"},{\"@type\":\"ListItem\",\"position\":2,\"name\":\"Moja strona\",\"item\":\"https:\/\/majorweb.pl\/\"},{\"@type\":\"ListItem\",\"position\":3,\"name\":\"O mnie\"}]},{\"@type\":\"WebSite\",\"@id\":\"https:\/\/majorweb.pl\/#website\",\"url\":\"https:\/\/majorweb.pl\/\",\"name\":\"MAJOR WEB STUDIO\",\"description\":\"Nowoczesne strony internetowe WordPress dla firm w Warszawie \u2014 szybkie, responsywne i zoptymalizowane pod SEO. Tworz\u0119 strony, kt\u00f3re przyci\u0105gaj\u0105 klient\u00f3w i wspieraj\u0105 rozw\u00f3j Twojego biznesu\",\"publisher\":{\"@id\":\"https:\/\/majorweb.pl\/#\/schema\/person\/0fac11562855ade3cc2b809483b0deed\"},\"potentialAction\":[{\"@type\":\"SearchAction\",\"target\":{\"@type\":\"EntryPoint\",\"urlTemplate\":\"https:\/\/majorweb.pl\/?s={search_term_string}\"},\"query-input\":{\"@type\":\"PropertyValueSpecification\",\"valueRequired\":true,\"valueName\":\"search_term_string\"}}],\"inLanguage\":\"pl-PL\"},{\"@type\":[\"Person\",\"Organization\"],\"@id\":\"https:\/\/majorweb.pl\/#\/schema\/person\/0fac11562855ade3cc2b809483b0deed\",\"name\":\"Hubert\",\"image\":{\"@type\":\"ImageObject\",\"inLanguage\":\"pl-PL\",\"@id\":\"https:\/\/majorweb.pl\/wp-content\/uploads\/2026\/03\/cropped-bercik.jpg\",\"url\":\"https:\/\/majorweb.pl\/wp-content\/uploads\/2026\/03\/cropped-bercik.jpg\",\"contentUrl\":\"https:\/\/majorweb.pl\/wp-content\/uploads\/2026\/03\/cropped-bercik.jpg\",\"width\":512,\"height\":512,\"caption\":\"Hubert\"},\"logo\":{\"@id\":\"https:\/\/majorweb.pl\/wp-content\/uploads\/2026\/03\/cropped-bercik.jpg\"},\"description\":\"30 years old website and e-commerce developer from Poland,\",\"sameAs\":[\"http:\/\/majorweb.pl\",\"https:\/\/www.facebook.com\/profile.php?id=61585146125371\",\"https:\/\/www.instagram.com\/majorwebstudio\/\"]}]}<\/script>\n<!-- \/ Yoast SEO plugin. -->","yoast_head_json":{"title":"O mnie - Tworzenie Stron Internetowych i Sklep\u00f3w WWW Warszawa | Major Web","robots":{"index":"index","follow":"follow","max-snippet":"max-snippet:-1","max-image-preview":"max-image-preview:large","max-video-preview":"max-video-preview:-1"},"canonical":"https:\/\/majorweb.pl\/index.php\/moja-strona\/omnie\/","og_locale":"pl_PL","og_type":"article","og_title":"O mnie - Tworzenie Stron Internetowych i Sklep\u00f3w WWW Warszawa | Major Web","og_description":"Tworz\u0119 strony, kt\u00f3re pracuj\u0105 na Tw\u00f3j biznes. Od 3 lat projektuj\u0119 i tworz\u0119 nowoczesne strony internetowe, \u0142\u0105cz\u0105c estetyczny design z wydajn\u0105 i solidn\u0105 technologi\u0105. Pracuj\u0119 zar\u00f3wno w Next.js, jak i WordPress, dobieraj\u0105c rozwi\u0105zania odpowiednio do potrzeb projektu. Mam do\u015bwiadczenie w tworzeniu aplikacji webowych oraz pracy z bazami danych, co pozwala mi tworzy\u0107 strony nie tylko [&hellip;]","og_url":"https:\/\/majorweb.pl\/index.php\/moja-strona\/omnie\/","og_site_name":"Tworzenie Stron Internetowych i Sklep\u00f3w WWW Warszawa | Major Web","article_publisher":"https:\/\/www.facebook.com\/profile.php?id=61585146125371","article_modified_time":"2026-03-15T20:46:11+00:00","twitter_card":"summary_large_image","twitter_misc":{"Szacowany czas czytania":"1 minuta"},"schema":{"@context":"https:\/\/schema.org","@graph":[{"@type":"WebPage","@id":"https:\/\/majorweb.pl\/index.php\/moja-strona\/omnie\/","url":"https:\/\/majorweb.pl\/index.php\/moja-strona\/omnie\/","name":"O mnie - Tworzenie Stron Internetowych i Sklep\u00f3w WWW Warszawa | Major Web","isPartOf":{"@id":"https:\/\/majorweb.pl\/#website"},"primaryImageOfPage":{"@id":"https:\/\/majorweb.pl\/index.php\/moja-strona\/omnie\/#primaryimage"},"image":{"@id":"https:\/\/majorweb.pl\/index.php\/moja-strona\/omnie\/#primaryimage"},"thumbnailUrl":"https:\/\/majorweb.pl\/wp-content\/uploads\/2026\/03\/undraw_cloudflare-dev_nf79-1.svg","datePublished":"2026-02-19T12:52:07+00:00","dateModified":"2026-03-15T20:46:11+00:00","breadcrumb":{"@id":"https:\/\/majorweb.pl\/index.php\/moja-strona\/omnie\/#breadcrumb"},"inLanguage":"pl-PL","potentialAction":[{"@type":"ReadAction","target":["https:\/\/majorweb.pl\/index.php\/moja-strona\/omnie\/"]}]},{"@type":"ImageObject","inLanguage":"pl-PL","@id":"https:\/\/majorweb.pl\/index.php\/moja-strona\/omnie\/#primaryimage","url":"https:\/\/majorweb.pl\/wp-content\/uploads\/2026\/03\/undraw_cloudflare-dev_nf79-1.svg","contentUrl":"https:\/\/majorweb.pl\/wp-content\/uploads\/2026\/03\/undraw_cloudflare-dev_nf79-1.svg","width":960,"height":736},{"@type":"BreadcrumbList","@id":"https:\/\/majorweb.pl\/index.php\/moja-strona\/omnie\/#breadcrumb","itemListElement":[{"@type":"ListItem","position":1,"name":"Strona g\u0142\u00f3wna","item":"https:\/\/majorweb.pl\/"},{"@type":"ListItem","position":2,"name":"Moja strona","item":"https:\/\/majorweb.pl\/"},{"@type":"ListItem","position":3,"name":"O mnie"}]},{"@type":"WebSite","@id":"https:\/\/majorweb.pl\/#website","url":"https:\/\/majorweb.pl\/","name":"MAJOR WEB STUDIO","description":"Nowoczesne strony internetowe WordPress dla firm w Warszawie \u2014 szybkie, responsywne i zoptymalizowane pod SEO. Tworz\u0119 strony, kt\u00f3re przyci\u0105gaj\u0105 klient\u00f3w i wspieraj\u0105 rozw\u00f3j Twojego biznesu","publisher":{"@id":"https:\/\/majorweb.pl\/#\/schema\/person\/0fac11562855ade3cc2b809483b0deed"},"potentialAction":[{"@type":"SearchAction","target":{"@type":"EntryPoint","urlTemplate":"https:\/\/majorweb.pl\/?s={search_term_string}"},"query-input":{"@type":"PropertyValueSpecification","valueRequired":true,"valueName":"search_term_string"}}],"inLanguage":"pl-PL"},{"@type":["Person","Organization"],"@id":"https:\/\/majorweb.pl\/#\/schema\/person\/0fac11562855ade3cc2b809483b0deed","name":"Hubert","image":{"@type":"ImageObject","inLanguage":"pl-PL","@id":"https:\/\/majorweb.pl\/wp-content\/uploads\/2026\/03\/cropped-bercik.jpg","url":"https:\/\/majorweb.pl\/wp-content\/uploads\/2026\/03\/cropped-bercik.jpg","contentUrl":"https:\/\/majorweb.pl\/wp-content\/uploads\/2026\/03\/cropped-bercik.jpg","width":512,"height":512,"caption":"Hubert"},"logo":{"@id":"https:\/\/majorweb.pl\/wp-content\/uploads\/2026\/03\/cropped-bercik.jpg"},"description":"30 years old website and e-commerce developer from Poland,","sameAs":["http:\/\/majorweb.pl","https:\/\/www.facebook.com\/profile.php?id=61585146125371","https:\/\/www.instagram.com\/majorwebstudio\/"]}]}},"_links":{"self":[{"href":"https:\/\/majorweb.pl\/index.php\/wp-json\/wp\/v2\/pages\/117","targetHints":{"allow":["GET"]}}],"collection":[{"href":"https:\/\/majorweb.pl\/index.php\/wp-json\/wp\/v2\/pages"}],"about":[{"href":"https:\/\/majorweb.pl\/index.php\/wp-json\/wp\/v2\/types\/page"}],"author":[{"embeddable":true,"href":"https:\/\/majorweb.pl\/index.php\/wp-json\/wp\/v2\/users\/1"}],"replies":[{"embeddable":true,"href":"https:\/\/majorweb.pl\/index.php\/wp-json\/wp\/v2\/comments?post=117"}],"version-history":[{"count":14,"href":"https:\/\/majorweb.pl\/index.php\/wp-json\/wp\/v2\/pages\/117\/revisions"}],"predecessor-version":[{"id":660,"href":"https:\/\/majorweb.pl\/index.php\/wp-json\/wp\/v2\/pages\/117\/revisions\/660"}],"up":[{"embeddable":true,"href":"https:\/\/majorweb.pl\/index.php\/wp-json\/wp\/v2\/pages\/32"}],"wp:attachment":[{"href":"https:\/\/majorweb.pl\/index.php\/wp-json\/wp\/v2\/media?parent=117"}],"curies":[{"name":"wp","href":"https:\/\/api.w.org\/{rel}","templated":true}]}}